{"id":61367,"date":"2026-01-16T15:26:36","date_gmt":"2026-01-16T12:26:36","guid":{"rendered":"https:\/\/termokoksne.lv\/product\/thermally-modified-wood-beams-and-battens\/"},"modified":"2026-01-16T15:26:36","modified_gmt":"2026-01-16T12:26:36","slug":"thermally-modified-wood-beams-and-battens","status":"publish","type":"product","link":"https:\/\/termokoksne.lv\/en\/product\/thermally-modified-wood-beams-and-battens\/","title":{"rendered":"Thermally modified wood beams and battens"},"content":{"rendered":"<p><span style=\"font-weight: 400;\">Thermally modified wood battens and beams can be used both as a substructure for terraces and for fa\u00e7ade installation. <\/span><\/p>\n<p><b><\/b>Wood Type: Thermally modified pine<\/p>\n<p><b>Dimensions:<\/b><\/p>\n<ul>\n<li><span style=\"font-weight: 400;\">Thickness \u00d7 Width: 19\u00d765 mm, 26\u00d740 mm, 26\u00d765 mm, 40\u00d740 mm, 40\u00d765 mm, 40\u00d755 mm, 40\u00d790 mm, 40\u00d7100 mm, 40\u00d7115 mm, 40\u00d7140 mm.<\/span><\/li>\n<li><span style=\"font-weight: 400;\"> Lengths: From 3.0 m to 5.1 m (subject to availability)<\/span><\/li>\n<\/ul>\n<p><b>Key Features:<\/b><\/p>\n<ul>\n<li style=\"font-weight: 400;\" aria-level=\"1\"><span style=\"font-weight: 400;\">High dimensional stability and durability<\/span><\/li>\n<li style=\"font-weight: 400;\" aria-level=\"1\"><span style=\"font-weight: 400;\">Resistant to moisture, decay, and pests<\/span><\/li>\n<li style=\"font-weight: 400;\" aria-level=\"1\"><span style=\"font-weight: 400;\">Sustainably produced, chemical-free<\/span><\/li>\n<li style=\"font-weight: 400;\" aria-level=\"1\"><span style=\"font-weight: 400;\">Natural wood aesthetics \u2013 can be tinted or left to grey naturally<\/span><\/li>\n<\/ul>\n","protected":false},"excerpt":{"rendered":"<p>Thermally modified wood battens and beams can be used both as a substructure for terraces and for fa\u00e7ade installation. Wood Type: Thermally modified pine Dimensions: Thickness \u00d7 Width: 19\u00d765 mm,&hellip;<\/p>\n","protected":false},"featured_media":61354,"comment_status":"closed","ping_status":"closed","template":"","meta":[],"product_brand":[],"product_cat":[418,416],"product_tag":[],"class_list":{"0":"post-61367","1":"product","2":"type-product","3":"status-publish","4":"has-post-thumbnail","6":"product_cat-cladding-boards","7":"product_cat-decking-boards","9":"first","10":"instock","11":"product-type-variable"},"_links":{"self":[{"href":"https:\/\/termokoksne.lv\/en\/wp-json\/wp\/v2\/product\/61367","targetHints":{"allow":["GET"]}}],"collection":[{"href":"https:\/\/termokoksne.lv\/en\/wp-json\/wp\/v2\/product"}],"about":[{"href":"https:\/\/termokoksne.lv\/en\/wp-json\/wp\/v2\/types\/product"}],"replies":[{"embeddable":true,"href":"https:\/\/termokoksne.lv\/en\/wp-json\/wp\/v2\/comments?post=61367"}],"wp:featuredmedia":[{"embeddable":true,"href":"https:\/\/termokoksne.lv\/en\/wp-json\/wp\/v2\/media\/61354"}],"wp:attachment":[{"href":"https:\/\/termokoksne.lv\/en\/wp-json\/wp\/v2\/media?parent=61367"}],"wp:term":[{"taxonomy":"product_brand","embeddable":true,"href":"https:\/\/termokoksne.lv\/en\/wp-json\/wp\/v2\/product_brand?post=61367"},{"taxonomy":"product_cat","embeddable":true,"href":"https:\/\/termokoksne.lv\/en\/wp-json\/wp\/v2\/product_cat?post=61367"},{"taxonomy":"product_tag","embeddable":true,"href":"https:\/\/termokoksne.lv\/en\/wp-json\/wp\/v2\/product_tag?post=61367"}],"curies":[{"name":"wp","href":"https:\/\/api.w.org\/{rel}","templated":true}]}}